{"id":9,"date":"2025-03-19T10:45:13","date_gmt":"2025-03-19T09:45:13","guid":{"rendered":"https:\/\/www.hebbedesign.se\/?page_id=9"},"modified":"2025-03-19T13:08:12","modified_gmt":"2025-03-19T12:08:12","slug":"hem","status":"publish","type":"page","link":"https:\/\/www.hebbedesign.se\/","title":{"rendered":"Hem"},"content":{"rendered":"\n<p>Skapa magi med ljus f\u00f6r din hemmilj\u00f6 \u2013 det \u00e4r det jag str\u00e4var efter. Jag nyttjar ljusets egenskaper f\u00f6r att framh\u00e4va detaljer och f\u00f6rvandla utrymmen och konstverk till n\u00e5got unikt och inspirerande. Att lyfta fram konsten i ditt hem och f\u00e5 den att verkligen komma till liv &#8211; en process d\u00e4r varje ljuss\u00e4ttning blir en liten ber\u00e4ttelse i sig.<\/p>\n\n\n\n<p><\/p>\n","protected":false},"excerpt":{"rendered":"<p>Skapa magi med ljus f\u00f6r din hemmilj\u00f6 \u2013 det \u00e4r det jag str\u00e4var efter. Jag nyttjar ljusets egenskaper f\u00f6r att framh\u00e4va detaljer och f\u00f6rvandla utrymmen och konstverk till n\u00e5got unikt och inspirerande. Att lyfta fram konsten i ditt hem och f\u00e5 den att verkligen komma till liv &#8211; en process d\u00e4r varje ljuss\u00e4ttning blir en &hellip; <\/p>\n<p class=\"link-more\"><a href=\"https:\/\/www.hebbedesign.se\/\" class=\"more-link\">Forts\u00e4tt l\u00e4sa<span class=\"screen-reader-text\"> \u201dHem\u201d<\/span><\/a><\/p>\n","protected":false},"author":1,"featured_media":41,"parent":0,"menu_order":0,"comment_status":"closed","ping_status":"closed","template":"","meta":{"footnotes":""},"class_list":["post-9","page","type-page","status-publish","has-post-thumbnail","hentry"],"_links":{"self":[{"href":"https:\/\/www.hebbedesign.se\/index.php?rest_route=\/wp\/v2\/pages\/9","targetHints":{"allow":["GET"]}}],"collection":[{"href":"https:\/\/www.hebbedesign.se\/index.php?rest_route=\/wp\/v2\/pages"}],"about":[{"href":"https:\/\/www.hebbedesign.se\/index.php?rest_route=\/wp\/v2\/types\/page"}],"author":[{"embeddable":true,"href":"https:\/\/www.hebbedesign.se\/index.php?rest_route=\/wp\/v2\/users\/1"}],"replies":[{"embeddable":true,"href":"https:\/\/www.hebbedesign.se\/index.php?rest_route=%2Fwp%2Fv2%2Fcomments&post=9"}],"version-history":[{"count":4,"href":"https:\/\/www.hebbedesign.se\/index.php?rest_route=\/wp\/v2\/pages\/9\/revisions"}],"predecessor-version":[{"id":48,"href":"https:\/\/www.hebbedesign.se\/index.php?rest_route=\/wp\/v2\/pages\/9\/revisions\/48"}],"wp:featuredmedia":[{"embeddable":true,"href":"https:\/\/www.hebbedesign.se\/index.php?rest_route=\/wp\/v2\/media\/41"}],"wp:attachment":[{"href":"https:\/\/www.hebbedesign.se\/index.php?rest_route=%2Fwp%2Fv2%2Fmedia&parent=9"}],"curies":[{"name":"wp","href":"https:\/\/api.w.org\/{rel}","templated":true}]}}